{"id":3589,"date":"2023-07-04T09:56:06","date_gmt":"2023-07-04T07:56:06","guid":{"rendered":"https:\/\/dot2dot.pl\/?page_id=3589"},"modified":"2023-07-05T14:18:47","modified_gmt":"2023-07-05T12:18:47","slug":"cookie-e-informativa-sulla-privacy","status":"publish","type":"page","link":"https:\/\/dot2dot.pl\/it\/cookie-e-informativa-sulla-privacy\/","title":{"rendered":"Cookie e Informativa sulla privacy"},"content":{"rendered":"[vc_row type=&#8221;full_width_background&#8221; full_screen_row_position=&#8221;middle&#8221; column_margin=&#8221;default&#8221; column_direction=&#8221;default&#8221; column_direction_tablet=&#8221;default&#8221; column_direction_phone=&#8221;default&#8221; bg_color=&#8221;#0a0a0a&#8221; scene_position=&#8221;center&#8221; text_color=&#8221;dark&#8221; text_align=&#8221;left&#8221; row_border_radius=&#8221;none&#8221; row_border_radius_applies=&#8221;bg&#8221; overflow=&#8221;visible&#8221; class=&#8221;headers&#8221; advanced_gradient_angle=&#8221;0&#8243; overlay_strength=&#8221;0.3&#8243; gradient_direction=&#8221;left_to_right&#8221; shape_divider_position=&#8221;bottom&#8221; bg_image_animation=&#8221;none&#8221; parallax_bg=&#8221;true&#8221; parallax_bg_speed=&#8221;fixed&#8221; gradient_type=&#8221;default&#8221; shape_type=&#8221;&#8221;][vc_column column_padding=&#8221;no-extra-padding&#8221; column_padding_tablet=&#8221;inherit&#8221; column_padding_phone=&#8221;inherit&#8221; column_padding_position=&#8221;all&#8221; column_element_spacing=&#8221;default&#8221; background_color_opacity=&#8221;1&#8243; background_hover_color_opacity=&#8221;1&#8243; column_shadow=&#8221;none&#8221; column_border_radius=&#8221;none&#8221; column_link_target=&#8221;_self&#8221; column_position=&#8221;default&#8221; gradient_direction=&#8221;left_to_right&#8221; overlay_strength=&#8221;0.3&#8243; width=&#8221;1\/1&#8243; tablet_width_inherit=&#8221;default&#8221; tablet_text_alignment=&#8221;default&#8221; phone_text_alignment=&#8221;default&#8221; animation_type=&#8221;default&#8221; bg_image_animation=&#8221;none&#8221; border_type=&#8221;simple&#8221; column_border_width=&#8221;none&#8221; column_border_style=&#8221;solid&#8221;][vc_row_inner column_margin=&#8221;default&#8221; column_direction=&#8221;default&#8221; column_direction_tablet=&#8221;default&#8221; column_direction_phone=&#8221;default&#8221; text_align=&#8221;left&#8221; row_position=&#8221;default&#8221; row_position_tablet=&#8221;inherit&#8221; row_position_phone=&#8221;inherit&#8221; overflow=&#8221;visible&#8221; pointer_events=&#8221;all&#8221;][vc_column_inner column_padding=&#8221;no-extra-padding&#8221; column_padding_tablet=&#8221;inherit&#8221; column_padding_phone=&#8221;inherit&#8221; column_padding_position=&#8221;all&#8221; column_element_spacing=&#8221;default&#8221; background_color_opacity=&#8221;1&#8243; background_hover_color_opacity=&#8221;1&#8243; font_color=&#8221;#ffffff&#8221; column_shadow=&#8221;none&#8221; column_border_radius=&#8221;none&#8221; column_link_target=&#8221;_self&#8221; advanced_gradient_angle=&#8221;0&#8243; gradient_direction=&#8221;left_to_right&#8221; overlay_strength=&#8221;0.3&#8243; width=&#8221;1\/2&#8243; tablet_width_inherit=&#8221;default&#8221; animation_type=&#8221;default&#8221; bg_image_animation=&#8221;none&#8221; border_type=&#8221;simple&#8221; column_border_width=&#8221;none&#8221; column_border_style=&#8221;solid&#8221; gradient_type=&#8221;default&#8221;][vc_column_text]\n<h1 class=\"h1-headers\">Cookie e Informativa sulla privacy<span class=\"dot\">\u2022<\/span><\/h1>\n[\/vc_column_text][\/vc_column_inner][vc_column_inner column_padding=&#8221;no-extra-padding&#8221; column_padding_tablet=&#8221;inherit&#8221; column_padding_phone=&#8221;inherit&#8221; column_padding_position=&#8221;all&#8221; column_element_spacing=&#8221;default&#8221; background_color_opacity=&#8221;1&#8243; background_hover_color_opacity=&#8221;1&#8243; column_shadow=&#8221;none&#8221; column_border_radius=&#8221;none&#8221; column_link_target=&#8221;_self&#8221; gradient_direction=&#8221;left_to_right&#8221; overlay_strength=&#8221;0.3&#8243; width=&#8221;1\/2&#8243; tablet_width_inherit=&#8221;default&#8221; animation_type=&#8221;default&#8221; bg_image_animation=&#8221;none&#8221; border_type=&#8221;simple&#8221; column_border_width=&#8221;none&#8221; column_border_style=&#8221;solid&#8221;][\/vc_column_inner][\/vc_row_inner][\/vc_column][\/vc_row][vc_row type=&#8221;in_container&#8221; full_screen_row_position=&#8221;middle&#8221; column_margin=&#8221;default&#8221; column_direction=&#8221;default&#8221; column_direction_tablet=&#8221;default&#8221; column_direction_phone=&#8221;default&#8221; scene_position=&#8221;center&#8221; top_padding=&#8221;4%&#8221; text_color=&#8221;dark&#8221; text_align=&#8221;left&#8221; row_border_radius=&#8221;none&#8221; row_border_radius_applies=&#8221;bg&#8221; overflow=&#8221;visible&#8221; advanced_gradient_angle=&#8221;0&#8243; overlay_strength=&#8221;0.3&#8243; gradient_direction=&#8221;left_to_right&#8221; shape_divider_position=&#8221;bottom&#8221; bg_image_animation=&#8221;none&#8221; gradient_type=&#8221;default&#8221; shape_type=&#8221;&#8221;][vc_column column_padding=&#8221;no-extra-padding&#8221; column_padding_tablet=&#8221;inherit&#8221; column_padding_phone=&#8221;inherit&#8221; column_padding_position=&#8221;all&#8221; column_element_spacing=&#8221;default&#8221; background_color_opacity=&#8221;1&#8243; background_hover_color_opacity=&#8221;1&#8243; column_shadow=&#8221;none&#8221; column_border_radius=&#8221;none&#8221; column_link_target=&#8221;_self&#8221; column_position=&#8221;default&#8221; gradient_direction=&#8221;left_to_right&#8221; overlay_strength=&#8221;0.3&#8243; width=&#8221;1\/1&#8243; tablet_width_inherit=&#8221;default&#8221; tablet_text_alignment=&#8221;default&#8221; phone_text_alignment=&#8221;default&#8221; animation_type=&#8221;default&#8221; bg_image_animation=&#8221;none&#8221; border_type=&#8221;simple&#8221; column_border_width=&#8221;none&#8221; column_border_style=&#8221;solid&#8221;][vc_column_text]Questa sottopagina definisce le regole di condotta durante il trattamento dei dati personali degli utenti del sito web <a href=\"https:\/\/dot2dot.pl\/\">www.dot2dot.pl<\/a>.<\/p>\n<ol>\n<li>L&#8217;amministratore dei tuoi dati personali, ovvero l&#8217;entit\u00e0 che decide come saranno utilizzati i tuoi dati personali, \u00e8 DOT2DOT SA con sede legale a Kowale, ul. Magnacka 35, 80-180 Fabbri<\/li>\n<li>I tuoi dati possono essere elaborati:<\/li>\n<\/ol>\n<ul>\n<li>per rispondere alle tue domande utilizzando il modulo di contatto sul sito web;<\/li>\n<li>se hai acconsentito, per l&#8217;invio di informazioni commerciali e di marketing al numero di telefono o all&#8217;indirizzo di posta elettronica da te fornito;<\/li>\n<li>al fine di eseguire il contratto con te concluso sulla base del tuo ordine o per provvedere alla sua conclusione;<\/li>\n<li>l&#8217;azienda pu\u00f2 trattare i dati anche se hai espresso la volont\u00e0 di ricevere una nostra newsletter.<\/li>\n<\/ul>\n<ol>\n<li>Conserveremo i tuoi dati per il periodo necessario allo svolgimento delle attivit\u00e0 derivanti dal contenuto della corrispondenza. Conserviamo i dati ottenuti al fine di concludere il contratto per il periodo necessario alla sua esecuzione. Se acconsenti all&#8217;invio di informazioni commerciali e di marketing, i tuoi dati personali saranno trattati fino al momento della sua revoca o fino alla tua rinuncia a ricevere la newsletter.<\/li>\n<li>L&#8217;accesso ai dati personali sar\u00e0 disponibile per i nostri dipendenti e collaboratori autorizzati, nonch\u00e9 per i fornitori di servizi che utilizziamo (ad es. IT, servizi di marketing, ecc.).<\/li>\n<li>Hai il diritto di accedere ai dati personali e rettificare, cancellare o limitare il trattamento e, nel caso di dati elaborati in base al tuo consenso o sulla base di un contratto, il diritto di trasferire i dati.<\/li>\n<li>Se trattiamo i dati personali sulla base di uno scopo legittimo, hai il diritto di opporti per motivi legati alla tua situazione particolare. Se eserciti questo diritto, interromperemo il trattamento dei dati per tale scopo, a meno che non dimostriamo l&#8217;esistenza di validi motivi legittimi per l&#8217;elaborazione, che prevalgono sui tuoi interessi, diritti e libert\u00e0 o motivi per stabilire, perseguire o difendere reclami.<\/li>\n<li>Hai il diritto di sporgere denuncia all&#8217;organismo di controllo &#8211; il Presidente dell&#8217;Ufficio per la protezione dei dati personali.<\/li>\n<li>Hai il diritto di revocare il tuo consenso in qualsiasi momento, senza pregiudicare la liceit\u00e0 del trattamento, che \u00e8 stato effettuato sulla base di quanto sopra. consenso prima della sua revoca.<\/li>\n<li>Il conferimento dei dati personali \u00e8 facoltativo, ma necessario per prendere contatto e rispondere alla tua domanda, richiesta o richiesta, nonch\u00e9 per concludere o eseguire un contratto e\/o inviare informazioni commerciali e di marketing.<\/li>\n<li>I tuoi dati personali non saranno oggetto di profilazione.<\/li>\n<li>Puoi inviare qualsiasi domanda e richiesta relativa alla protezione dei dati personali all&#8217;indirizzo e-mail: rodo@dot2dot.pl.<\/li>\n<\/ol>\n<h1>POLITYKA COOKIES<\/h1>\n<p>Poni\u017csza Polityka Cookies okre\u015bla zasady zapisywania i uzyskiwania dost\u0119pu do danych na Urz\u0105dzeniach U\u017cytkownik\u00f3w korzystaj\u0105cych z Serwisu do cel\u00f3w \u015bwiadczenia us\u0142ug drog\u0105 elektroniczn\u0105 przez Administratora Serwisu.<\/p>\n<ol>\n<li>Definicje<\/li>\n<\/ol>\n<ul>\n<li><strong>Serwis<\/strong> &#8211; serwis internetowy dzia\u0142aj\u0105cy pod adresem dot2dot.pl<\/li>\n<li><strong>Serwis zewn\u0119trzny<\/strong> &#8211; serwis internetowe partner\u00f3w, us\u0142ugodawc\u00f3w lub us\u0142ugobiorc\u00f3w Administratora<\/li>\n<li><strong>Administrator<\/strong> &#8211; firma DOT2DOT SA , prowadz\u0105ca dzia\u0142alno\u015b\u0107 pod adresem: Magnacka 35, Kowale, o nadanym numerze identyfikacji podatkowej (NIP): 5272722129, o nadanym numerze REGON: 147474451, zarejestrowana w S\u0105d Rejonowy Gda\u0144sk &#8211; P\u00f3\u0142noc w Gda\u0144sku, VII Wydzia\u0142 Gospodarczy Krajowego Rejestru S\u0105dowego. National Court Register KRS 0000526723, \u015bwiadcz\u0105ca us\u0142ugi drog\u0105 elektroniczn\u0105 za po\u015brednictwem Serwisu oraz przechowuj\u0105ca i uzyskuj\u0105ca dost\u0119p do informacji w urz\u0105dzeniach U\u017cytkownika<\/li>\n<li><strong>U\u017cytkownik<\/strong> &#8211; osoba fizyczna, dla kt\u00f3rej Administrator \u015bwiadczy us\u0142ugi drog\u0105 elektroniczn\u0105 za po\u015brednictwem Serwisu.<\/li>\n<li><strong>Urz\u0105dzenie<\/strong> &#8211; elektroniczne urz\u0105dzenie wraz z oprogramowaniem, za po\u015brednictwem kt\u00f3rego, U\u017cytkownik uzyskuje dost\u0119p do Serwisu<\/li>\n<li><strong>Cookies (ciasteczka)<\/strong> &#8211; dane tekstowe gromadzone w formie plik\u00f3w zamieszczanych na Urz\u0105dzeniu U\u017cytkownika<\/li>\n<\/ul>\n<ol start=\"2\">\n<li>Rodzaje Cookies<\/li>\n<\/ol>\n<ul>\n<li><strong>Cookies wewn\u0119trzne<\/strong> &#8211; pliki zamieszczane i odczytywane z Urz\u0105dzenia U\u017cytkownika przes system teleinformatyczny Serwisu<\/li>\n<li><strong>Cookies zewn\u0119trzne<\/strong> &#8211; pliki zamieszczane i odczytywane z Urz\u0105dzenia U\u017cytkownika przez systemy teleinformatyczne Serwis\u00f3w zewn\u0119trznych<\/li>\n<li><strong>Cookies sesyjne<\/strong> &#8211; pliki zamieszczane i odczytywane z Urz\u0105dzenia U\u017cytkownika przez Serwis lub Serwisy zewn\u0119trzne podczas jednej sesji danego Urz\u0105dzenia. Po zako\u0144czeniu sesji pliki s\u0105 usuwane z Urz\u0105dzenia U\u017cytkownika.<\/li>\n<li><strong>Cookies trwa\u0142e<\/strong> &#8211; pliki zamieszczane i odczytywane z Urz\u0105dzenia U\u017cytkownika przez Serwis lub Serwisy zewn\u0119trzne do momentu ich r\u0119cznego usuni\u0119cia. Pliki nie s\u0105 usuwane automatycznie po zako\u0144czeniu sesji Urz\u0105dzenia chyba \u017ce konfiguracja Urz\u0105dzenia U\u017cytkownika jest ustawiona na tryb usuwanie plik\u00f3w Cookie po zako\u0144czeniu sesji Urz\u0105dzenia.<\/li>\n<\/ul>\n<ol start=\"3\">\n<li>Bezpiecze\u0144stwo<\/li>\n<\/ol>\n<ul>\n<li><strong>Mechanizmy sk\u0142adowania i odczytu<\/strong> &#8211; Mechanizmy sk\u0142adowania i odczytu Cookies nie pozwalaj\u0105 na pobieranie jakichkolwiek danych osobowych, ani \u017cadnych informacji poufnych z Urz\u0105dzenia U\u017cytkownika. Przeniesienie na Urz\u0105dzenie U\u017cytkownika wirus\u00f3w, koni troja\u0144skich oraz innych robak\u00f3w jest praktycznie niemo\u017cliwe.<\/li>\n<li><strong>Cookie wewn\u0119trzne<\/strong> &#8211; zastosowane przez Administratora Cookie wewn\u0119trzne s\u0105 bezpieczne dla Urz\u0105dze\u0144 U\u017cytkownik\u00f3w<\/li>\n<li><strong>Cookie zewn\u0119trzne<\/strong> &#8211; za bezpiecze\u0144stwo plik\u00f3w Cookie pochodz\u0105cych od partner\u00f3w Serwisu Administrator nie ponosi odpowiedzialno\u015bci. Lista partner\u00f3w zamieszczona jest w dalszej cz\u0119\u015bci Polityki Cookies.<\/li>\n<\/ul>\n<ol start=\"4\">\n<li>Cele do kt\u00f3rych wykorzystywane s\u0105 pliki Cookie<\/li>\n<\/ol>\n<ul>\n<li><strong>Usprawnienie i u\u0142atwienie dost\u0119pu do Serwisu<\/strong> &#8211; Administrator mo\u017ce przechowywa\u0107 w plikach Cookie informacje o preferencjach i ustawieniach u\u017cytkownika dotycz\u0105cych Serwisu aby usprawni\u0107, polepszy\u0107 i przy\u015bpieszy\u0107 \u015bwiadczenie us\u0142ug w ramach Serwisu.<\/li>\n<li><strong>Marketing i reklama<\/strong> &#8211; Administrator oraz Serwisy zewn\u0119trzne wykorzystuj\u0105 pliki Cookie do cel\u00f3w marketingowych oraz serwowania reklam U\u017cytkownik\u00f3w.<\/li>\n<li><strong>Dane statystyczne<\/strong> &#8211; Administrator oraz Serwisy zewn\u0119trzne wykorzystuj\u0105 pliki Cookie do zbierania i przetwarzania danych statystycznych takich jak np. statystyki odwiedzin, statystyki Urz\u0105dze\u0144 U\u017cytkownik\u00f3w czy statystyki zachowa\u0144 u\u017cytkownik\u00f3w. Dane te zbierane s\u0105 w celu analizy i ulepszania Serwisu.<\/li>\n<li><strong>Us\u0142ugi spo\u0142eczno\u015bciowe<\/strong> &#8211; Administrator oraz Serwisy zewn\u0119trzne wykorzystuj\u0105 pliki Cookie do wsparcia us\u0142ug spo\u0142eczno\u015bciowych<\/li>\n<\/ul>\n<ol start=\"5\">\n<li>Serwisy zewn\u0119trzne<\/li>\n<\/ol>\n<p>Administrator wsp\u00f3\u0142pracuje z nast\u0119puj\u0105cymi serwisami zewn\u0119trznymi, kt\u00f3re mog\u0105 zamieszcza\u0107 pliki Cookie na Urz\u0105dzeniach U\u017cytkownika:<\/p>\n<ul>\n<li>Google Analytics<\/li>\n<li>Google AdSense<\/li>\n<li>Google AdWords<\/li>\n<li>Google+<\/li>\n<li>Facebook<\/li>\n<li>Twitter<\/li>\n<li>LinkedIn<\/li>\n<\/ul>\n<ol start=\"6\">\n<li>Mo\u017cliwo\u015bci okre\u015blania warunk\u00f3w przechowywania i uzyskiwania dost\u0119pu na Urz\u0105dzeniach U\u017cytkownika przez Serwis i Serwisy zewn\u0119trzne<\/li>\n<\/ol>\n<ul>\n<li>U\u017cytkownik mo\u017ce w dowolnym momencie, samodzielnie zmieni\u0107 ustawienia dotycz\u0105ce zapisywania, usuwania oraz dost\u0119pu do danych zapisanych plik\u00f3w Cookies<\/li>\n<li>U\u017cytkownik mo\u017ce w dowolnym momencie usun\u0105\u0107 wszelkie zapisane do tej pory pliki Cookie korzystaj\u0105c z narz\u0119dzi Urz\u0105dzenia U\u017cytkownika za po\u015brednictwem kt\u00f3rego U\u017cytkownik korzysta z us\u0142ug Serwisu.<\/li>\n<\/ul>\n<ol start=\"7\">\n<li>Wy\u0142\u0105czenie odpowiedzialno\u015bci<\/li>\n<\/ol>\n<ul>\n<li>Administrator stosuje wszelkie mo\u017cliwe \u015brodki w celu zapewnienia bezpiecze\u0144stwa danych umieszczanych w plikach Cookie. Nale\u017cy jednak zwr\u00f3ci\u0107 uwag\u0119, \u017ce zapewnienie bezpiecze\u0144stwa tych danych zale\u017cy od obu stron, w tym dzia\u0142alno\u015bci U\u017cytkownika oraz stanu zabezpiecze\u0144 urz\u0105dzenia z kt\u00f3rego korzysta.<\/li>\n<li>Administrator nie bierze odpowiedzialno\u015bci za przechwycenie danych zawartych w plikach Cookie, podszycie si\u0119 pod sesj\u0119 U\u017cytkownika lub ich usuni\u0119cie, na skutek \u015bwiadomej lub nie\u015bwiadomej dzia\u0142alno\u015b\u0107 U\u017cytkownika, wirus\u00f3w, koni troja\u0144skich i innego oprogramowania szpieguj\u0105cego, kt\u00f3rymi mo\u017ce by\u0107 zainfekowane Urz\u0105dzenie U\u017cytkownika.<\/li>\n<li>U\u017cytkownicy w celu zabezpieczenia si\u0119 przed wskazanymi w punkcie poprzednim zagro\u017ceniami powinni stosowa\u0107 si\u0119 do zasad cyberbezpiecze\u0144stwa w sieci.<\/li>\n<li>Us\u0142ugi \u015bwiadczone przez podmioty trzecie s\u0105 poza kontrol\u0105 Administratora. Podmioty te mog\u0105 w ka\u017cdej chwili zmieni\u0107 swoje warunki \u015bwiadczenia us\u0142ug, cel oraz wykorzystanie plik\u00f3w cookie. Administrator nie odpowiada, na tyle na ile pozwala na to prawo, za dzia\u0142anie plik\u00f3w cookies u\u017cywanych przez serwisy partnerskie. U\u017cytkownicy w ka\u017cdej chwili mog\u0105 samodzielnie zarz\u0105dza\u0107 zezwoleniami i ustawieniami plik\u00f3w cookie dla ka\u017cdej dowolnej witryny.<\/li>\n<\/ul>\n<ol start=\"8\">\n<li>Wymagania Serwisu<\/li>\n<\/ol>\n<ul>\n<li>Ograniczenie zapisu i dost\u0119pu do plik\u00f3w Cookie na Urz\u0105dzeniu U\u017cytkownika mo\u017ce spowodowa\u0107 nieprawid\u0142owe dzia\u0142anie niekt\u00f3rych funkcji Serwisu.<\/li>\n<li>Administrator nie ponosi \u017cadnej odpowiedzialno\u015bci za nieprawid\u0142owo dzia\u0142aj\u0105ce funkcje Serwisu w przypadku, gdy U\u017cytkownik ograniczy w jakikolwiek spos\u00f3b mo\u017cliwo\u015b\u0107 zapisywania i odczytu plik\u00f3w Cookie.<\/li>\n<\/ul>\n<ol start=\"9\">\n<li>Zmiany w Polityce Cookie<\/li>\n<\/ol>\n<ul>\n<li>Administrator zastrzega sobie prawo do zmiany niniejszej Polityki Cookies, gdy zmiany takie uznamy za konieczne. Zmianie ulegnie tak\u017ce data aktualizacji na g\u00f3rze tej strony. Zmieniona informacja o cookies b\u0119dzie mia\u0142a zastosowanie wobec u\u017cytkownik\u00f3w oraz przekazywanych przez nich danych pocz\u0105wszy od daty aktualizacji.<\/li>\n<li>Zach\u0119camy do regularnego sprawdzania polityki cookies, aby uzyska\u0107 informacje na temat sposobu wykorzystania plik\u00f3w cookies.<\/li>\n<\/ul>\n<h1>Obowi\u0105zek informacyjny dla kandydat\u00f3w do pracy<\/h1>\n<p>&nbsp;<\/p>\n<ol>\n<li>Administratorem Pa\u0144stwa danych osobowych jest DOT2DOT SA, ul. Magnacka 35, 80-180 Kowale, zwana dalej: D2D.<\/li>\n<li>W sprawach ochrony swoich danych osobowych mog\u0105 Pa\u0144stwo kontaktowa\u0107 si\u0119 z Inspektorem Ochrony Danych Osobowych pod adresem e-mail: rodo@dot2dot.pl b\u0105d\u017a\u00a0pisemnie na adres siedziby Administratora.<\/li>\n<li>Dane osobowe b\u0119dziemy przetwarza\u0107, aby oceni\u0107 Pa\u0144stwa kwalifikacje i umiej\u0119tno\u015bci potrzebne do pracy na stanowisku, na kt\u00f3re Pa\u0144stwo aplikuj\u0105 oraz wybra\u0107 odpowiedni\u0105 osob\u0119 do pracy w D2D. Pa\u0144stwa dane osobowe, w zakresie wskazanym w przepisach prawa pracy, b\u0119dziemy przetwarza\u0107 w celu przeprowadzenia obecnego post\u0119powania rekrutacyjnego i ewentualnego zawarcia umowy. Je\u015bli w dokumentach aplikacyjnych podadz\u0105 Pa\u0144stwo nam inne dane, b\u0119dziemy przetwarza\u0107 je na podstawie zgody, kt\u00f3ra mo\u017ce zosta\u0107 odwo\u0142ana w dowolnym czasie. Wysy\u0142aj\u0105c nam swoje zg\u0142oszenie rekrutacyjne wyra\u017caj\u0105 Pa\u0144stwo zgod\u0119 na przetwarzanie danych w nim zawartych.<\/li>\n<li>Pa\u0144stwa dane osobowe b\u0119dziemy przetwarza\u0107 przez okres trwania danej rekrutacji, a po tym terminie przez okres, w kt\u00f3rym mo\u017cliwe jest zg\u0142oszenie ewentualnych roszcze\u0144 kt\u00f3rejkolwiek ze stron, jednak nie d\u0142u\u017cej ni\u017c 1 rok od zako\u0144czenia bie\u017c\u0105cej rekrutacji. W przypadku, gdy wyrazili Pa\u0144stwo zgod\u0119 na udzia\u0142 w przysz\u0142ych rekrutacjach, dane osobowe b\u0119dziemy przetwarza\u0107 do czasu odwo\u0142ania zgody, jednak nie d\u0142u\u017cej ni\u017c 1 rok od zako\u0144czenia bie\u017c\u0105cej rekrutacji.<\/li>\n<li>Dost\u0119p do Pa\u0144stwa danych osobowych b\u0119dzie przys\u0142ugiwa\u0142 naszym upowa\u017cnionym pracownikom i wsp\u00f3\u0142pracownikom, a tak\u017ce dostawcom us\u0142ug, z kt\u00f3rych korzystamy (np. dostawcy us\u0142ug IT lub podmioty wspieraj\u0105ce rekrutacj\u0119). Pa\u0144stwa dane osobowe nie b\u0119d\u0105 przekazane podmiotom przetwarzaj\u0105cym dane osobowe maj\u0105cym siedzib\u0119 poza Europejskim Obszarem Gospodarczym (EOG).<\/li>\n<li>Przys\u0142uguj\u0105 Pa\u0144stwu nast\u0119puj\u0105ce prawa zwi\u0105zane z przetwarzaniem danych osobowych:<\/li>\n<\/ol>\n<ul>\n<li>prawo wycofania zgody na przetwarzanie danych w dowolnym momencie, bez wp\u0142ywu na zgodno\u015b\u0107 z prawem przetwarzania, kt\u00f3rego dokonano przed jej cofni\u0119ciem,<\/li>\n<li>prawo dost\u0119pu do danych osobowych,<\/li>\n<li>prawo \u017c\u0105dania sprostowania danych osobowych,<\/li>\n<li>prawo \u017c\u0105dania usuni\u0119cia danych osobowych,<\/li>\n<li>prawo \u017c\u0105dania ograniczenia przetwarzania danych osobowych,<\/li>\n<li>prawo do przenoszenia danych osobowych.<\/li>\n<\/ul>\n<p>Jednocze\u015bnie informujemy, \u017ce przys\u0142uguje Pani\/Panu prawo wniesienia skargi do Prezesa Urz\u0119du Ochrony Danych Osobowych (PUODO) z siedzib\u0105 w Warszawie, ul. Stawki 2.<\/p>\n<p>W oparciu o dane osobowe nie b\u0119d\u0105 podejmowane \u017cadne zautomatyzowane decyzje, w tym nie b\u0119d\u0105 podlega\u0142y profilowaniu.<\/p>\n<ol start=\"7\">\n<li>Podanie danych osobowych jest ca\u0142kowicie dobrowolne, ale \u2013 w zakresie przewidzianym przez przepisy prawa pracy \u2013 konieczne do wzi\u0119cia udzia\u0142u w rekrutacji.<\/li>\n<\/ol>\n[\/vc_column_text][\/vc_column][\/vc_row]\n","protected":false},"excerpt":{"rendered":"<p>[vc_row type=&#8221;full_width_background&#8221; full_screen_row_position=&#8221;middle&#8221; column_margin=&#8221;default&#8221; column_direction=&#8221;default&#8221; column_direction_tablet=&#8221;default&#8221; column_direction_phone=&#8221;default&#8221; bg_color=&#8221;#0a0a0a&#8221; scene_position=&#8221;center&#8221; text_color=&#8221;dark&#8221; text_align=&#8221;left&#8221; row_border_radius=&#8221;none&#8221; row_border_radius_applies=&#8221;bg&#8221; overflow=&#8221;visible&#8221; class=&#8221;headers&#8221; advanced_gradient_angle=&#8221;0&#8243; overlay_strength=&#8221;0.3&#8243;&#8230;<\/p>\n","protected":false},"author":10,"featured_media":0,"parent":0,"menu_order":0,"comment_status":"closed","ping_status":"closed","template":"","meta":{"inline_featured_image":false,"footnotes":""},"class_list":["post-3589","page","type-page","status-publish"],"_links":{"self":[{"href":"https:\/\/dot2dot.pl\/it\/wp-json\/wp\/v2\/pages\/3589","targetHints":{"allow":["GET"]}}],"collection":[{"href":"https:\/\/dot2dot.pl\/it\/wp-json\/wp\/v2\/pages"}],"about":[{"href":"https:\/\/dot2dot.pl\/it\/wp-json\/wp\/v2\/types\/page"}],"author":[{"embeddable":true,"href":"https:\/\/dot2dot.pl\/it\/wp-json\/wp\/v2\/users\/10"}],"replies":[{"embeddable":true,"href":"https:\/\/dot2dot.pl\/it\/wp-json\/wp\/v2\/comments?post=3589"}],"version-history":[{"count":4,"href":"https:\/\/dot2dot.pl\/it\/wp-json\/wp\/v2\/pages\/3589\/revisions"}],"predecessor-version":[{"id":3783,"href":"https:\/\/dot2dot.pl\/it\/wp-json\/wp\/v2\/pages\/3589\/revisions\/3783"}],"wp:attachment":[{"href":"https:\/\/dot2dot.pl\/it\/wp-json\/wp\/v2\/media?parent=3589"}],"curies":[{"name":"wp","href":"https:\/\/api.w.org\/{rel}","templated":true}]}}