{"id":1800,"date":"2022-07-03T12:29:38","date_gmt":"2022-07-03T10:29:38","guid":{"rendered":"https:\/\/dot2dot.pl\/?page_id=1800"},"modified":"2022-07-05T11:17:59","modified_gmt":"2022-07-05T09:17:59","slug":"uroda-i-kosmetyki","status":"publish","type":"page","link":"https:\/\/dot2dot.pl\/pl\/uroda-i-kosmetyki\/","title":{"rendered":"Uroda i kosmetyki"},"content":{"rendered":"[vc_row type=&#8221;full_width_background&#8221; full_screen_row_position=&#8221;middle&#8221; column_margin=&#8221;default&#8221; column_direction=&#8221;default&#8221; column_direction_tablet=&#8221;default&#8221; column_direction_phone=&#8221;default&#8221; bg_image=&#8221;510&#8243; bg_position=&#8221;center top&#8221; background_image_loading=&#8221;default&#8221; bg_repeat=&#8221;no-repeat&#8221; scene_position=&#8221;center&#8221; text_color=&#8221;dark&#8221; text_align=&#8221;left&#8221; row_border_radius=&#8221;none&#8221; row_border_radius_applies=&#8221;bg&#8221; overflow=&#8221;visible&#8221; class=&#8221;headers&#8221; advanced_gradient_angle=&#8221;0&#8243; overlay_strength=&#8221;0.3&#8243; gradient_direction=&#8221;left_to_right&#8221; shape_divider_position=&#8221;bottom&#8221; bg_image_animation=&#8221;none&#8221; parallax_bg=&#8221;true&#8221; parallax_bg_speed=&#8221;fixed&#8221; gradient_type=&#8221;default&#8221; shape_type=&#8221;&#8221;][vc_column column_padding=&#8221;no-extra-padding&#8221; column_padding_tablet=&#8221;inherit&#8221; column_padding_phone=&#8221;inherit&#8221; column_padding_position=&#8221;all&#8221; column_element_spacing=&#8221;default&#8221; background_color_opacity=&#8221;1&#8243; background_hover_color_opacity=&#8221;1&#8243; column_shadow=&#8221;none&#8221; column_border_radius=&#8221;none&#8221; column_link_target=&#8221;_self&#8221; column_position=&#8221;default&#8221; gradient_direction=&#8221;left_to_right&#8221; overlay_strength=&#8221;0.3&#8243; width=&#8221;1\/1&#8243; tablet_width_inherit=&#8221;default&#8221; tablet_text_alignment=&#8221;default&#8221; phone_text_alignment=&#8221;default&#8221; animation_type=&#8221;default&#8221; bg_image_animation=&#8221;none&#8221; border_type=&#8221;simple&#8221; column_border_width=&#8221;none&#8221; column_border_style=&#8221;solid&#8221;][vc_row_inner column_margin=&#8221;default&#8221; column_direction=&#8221;default&#8221; column_direction_tablet=&#8221;default&#8221; column_direction_phone=&#8221;default&#8221; text_align=&#8221;left&#8221; row_position=&#8221;default&#8221; row_position_tablet=&#8221;inherit&#8221; row_position_phone=&#8221;inherit&#8221; overflow=&#8221;visible&#8221; pointer_events=&#8221;all&#8221;][vc_column_inner column_padding=&#8221;no-extra-padding&#8221; column_padding_tablet=&#8221;inherit&#8221; column_padding_phone=&#8221;inherit&#8221; column_padding_position=&#8221;all&#8221; column_element_spacing=&#8221;default&#8221; background_color_opacity=&#8221;1&#8243; background_hover_color_opacity=&#8221;1&#8243; font_color=&#8221;#ffffff&#8221; column_shadow=&#8221;none&#8221; column_border_radius=&#8221;none&#8221; column_link_target=&#8221;_self&#8221; advanced_gradient_angle=&#8221;0&#8243; gradient_direction=&#8221;left_to_right&#8221; overlay_strength=&#8221;0.3&#8243; width=&#8221;1\/1&#8243; tablet_width_inherit=&#8221;default&#8221; animation_type=&#8221;default&#8221; bg_image_animation=&#8221;none&#8221; border_type=&#8221;simple&#8221; column_border_width=&#8221;none&#8221; column_border_style=&#8221;solid&#8221; gradient_type=&#8221;default&#8221;][vc_column_text]\n<h1 class=\"h1-headers\">Uroda i kosmetyki<span class=\"dot\">\u2022<\/span><\/h1>\n<h2 class=\"h2-headers\">To, co na zewn\u0105trz, powinno perfekcyjnie uciele\u015bnia\u0107 to, co wewn\u0105trz.<\/h2>\n[\/vc_column_text][\/vc_column_inner][\/vc_row_inner][\/vc_column][\/vc_row][vc_row type=&#8221;in_container&#8221; full_screen_row_position=&#8221;middle&#8221; column_margin=&#8221;default&#8221; column_direction=&#8221;default&#8221; column_direction_tablet=&#8221;default&#8221; column_direction_phone=&#8221;default&#8221; scene_position=&#8221;center&#8221; top_padding=&#8221;5%&#8221; text_color=&#8221;dark&#8221; text_align=&#8221;left&#8221; row_border_radius=&#8221;none&#8221; row_border_radius_applies=&#8221;bg&#8221; overflow=&#8221;visible&#8221; advanced_gradient_angle=&#8221;0&#8243; overlay_strength=&#8221;0.3&#8243; gradient_direction=&#8221;left_to_right&#8221; shape_divider_position=&#8221;bottom&#8221; bg_image_animation=&#8221;none&#8221; gradient_type=&#8221;default&#8221; shape_type=&#8221;&#8221;][vc_column column_padding=&#8221;no-extra-padding&#8221; column_padding_tablet=&#8221;inherit&#8221; column_padding_phone=&#8221;inherit&#8221; column_padding_position=&#8221;all&#8221; column_element_spacing=&#8221;default&#8221; background_color_opacity=&#8221;1&#8243; background_hover_color_opacity=&#8221;1&#8243; column_shadow=&#8221;none&#8221; column_border_radius=&#8221;none&#8221; column_link_target=&#8221;_self&#8221; column_position=&#8221;default&#8221; gradient_direction=&#8221;left_to_right&#8221; overlay_strength=&#8221;0.3&#8243; width=&#8221;1\/1&#8243; tablet_width_inherit=&#8221;default&#8221; tablet_text_alignment=&#8221;default&#8221; phone_text_alignment=&#8221;default&#8221; animation_type=&#8221;default&#8221; bg_image_animation=&#8221;none&#8221; border_type=&#8221;simple&#8221; column_border_width=&#8221;none&#8221; column_border_style=&#8221;solid&#8221;][tabbed_section style=&#8221;material&#8221; alignment=&#8221;left&#8221; spacing=&#8221;default&#8221; tab_color=&#8221;Extra-Color-1&#8243; vs_content_animation=&#8221;fade&#8221; vs_link_animation=&#8221;opacity&#8221; vs_navigation_alignment=&#8221;left&#8221; vs_navigation_width_2=&#8221;25%&#8221; vs_navigation_func=&#8221;default&#8221; vs_navigation_width=&#8221;regular&#8221; vs_navigation_spacing=&#8221;15px&#8221; vs_navigation_mobile_display=&#8221;visible&#8221; vs_tab_spacing=&#8221;5%&#8221; icon_size=&#8221;24&#8243;][tab icon_family=&#8221;none&#8221; title=&#8221;Uroda i kosmetyki&#8221; id=&#8221;1657012386348-6&#8243; tab_id=&#8221;1657012386349-3&#8243;][vc_row_inner column_margin=&#8221;default&#8221; column_direction=&#8221;default&#8221; column_direction_tablet=&#8221;default&#8221; column_direction_phone=&#8221;default&#8221; text_align=&#8221;left&#8221; row_position=&#8221;default&#8221; row_position_tablet=&#8221;inherit&#8221; row_position_phone=&#8221;inherit&#8221; overflow=&#8221;visible&#8221; pointer_events=&#8221;all&#8221;][vc_column_inner column_padding=&#8221;no-extra-padding&#8221; column_padding_tablet=&#8221;inherit&#8221; column_padding_phone=&#8221;inherit&#8221; column_padding_position=&#8221;all&#8221; column_element_spacing=&#8221;default&#8221; background_color_opacity=&#8221;1&#8243; background_hover_color_opacity=&#8221;1&#8243; column_shadow=&#8221;none&#8221; column_border_radius=&#8221;none&#8221; column_link_target=&#8221;_self&#8221; el_class=&#8221;left-sec&#8221; advanced_gradient_angle=&#8221;0&#8243; gradient_direction=&#8221;left_to_right&#8221; overlay_strength=&#8221;0.3&#8243; width=&#8221;1\/2&#8243; tablet_width_inherit=&#8221;default&#8221; animation_type=&#8221;default&#8221; bg_image_animation=&#8221;none&#8221; border_type=&#8221;simple&#8221; column_border_width=&#8221;none&#8221; column_border_style=&#8221;solid&#8221; gradient_type=&#8221;default&#8221;][vc_column_text]\n<h2>Uroda i kosmetyki<span class=\"dot\">\u2022<\/span><\/h2>\n<p>Perfumy i kosmetyki to wysublimowane produkty, kt\u00f3re wymagaj\u0105 szczeg\u00f3lnej i ekskluzywnej oprawy. Pierwsze wra\u017cenie na temat produktu, to co powoduje, \u017ce si\u0119gamy w\u0142a\u015bnie po ten konkretny, to w\u0142a\u015bnie magia opakowania, kt\u00f3re wykonane z najwy\u017cszej jako\u015bci materia\u0142\u00f3w, atrakcyjnie zaprojektowane przyci\u0105ga niczym magnes.<\/p>\n<p>Opakowanie wiele m\u00f3wi o marce. Chc\u0105c podkre\u015bli\u0107 presti\u017cowy charakter produktu, warto si\u0119gn\u0105\u0107 po ekskluzywne rozwi\u0105zania.[\/vc_column_text][nectar_btn size=&#8221;large&#8221; button_style=&#8221;regular&#8221; button_color_2=&#8221;Extra-Color-1&#8243; icon_family=&#8221;default_arrow&#8221; text=&#8221;Wy\u015blij zapytanie&#8221; url=&#8221;#contact-form&#8221;][divider line_type=&#8221;No Line&#8221; custom_height=&#8221;20&#8243;][vc_column_text]\n<h3 class=\"before\">Co oferujemy?<\/h3>\n<p>Opakowania klasy premium zapewniaj\u0105ce doskona\u0142y wizerunek produktu w oczach klient\u00f3w.[\/vc_column_text][nectar_global_section id=&#8221;1885&#8243;][\/vc_column_inner][vc_column_inner column_padding=&#8221;no-extra-padding&#8221; column_padding_tablet=&#8221;inherit&#8221; column_padding_phone=&#8221;inherit&#8221; column_padding_position=&#8221;all&#8221; column_element_spacing=&#8221;default&#8221; background_color_opacity=&#8221;1&#8243; background_hover_color_opacity=&#8221;1&#8243; column_shadow=&#8221;none&#8221; column_border_radius=&#8221;none&#8221; column_link_target=&#8221;_self&#8221; gradient_direction=&#8221;left_to_right&#8221; overlay_strength=&#8221;0.3&#8243; width=&#8221;1\/2&#8243; tablet_width_inherit=&#8221;default&#8221; animation_type=&#8221;default&#8221; bg_image_animation=&#8221;none&#8221; border_type=&#8221;simple&#8221; column_border_width=&#8221;none&#8221; column_border_style=&#8221;solid&#8221;][vc_gallery type=&#8221;flickity_static_height_style&#8221; images=&#8221;2044,363,341,355,1102,1103,1104,2036,1749&#8243; flickity_spacing=&#8221;default&#8221; flickity_controls=&#8221;next_prev_arrows_overlaid&#8221; flickity_overflow=&#8221;hidden&#8221; flickity_wrap_around=&#8221;wrap&#8221; flickity_image_parallax=&#8221;true&#8221; flickity_box_shadow=&#8221;none&#8221; image_loading=&#8221;default&#8221; onclick=&#8221;link_image&#8221; img_size=&#8221;full&#8221; flickity_img_height=&#8221;700&#8243;][nectar_video_player_self_hosted video_mp4=&#8221;\/wp-content\/uploads\/2022\/06\/3perfume.mp4&#8243; el_aspect=&#8221;11&#8243; align=&#8221;center&#8221; player_functionality=&#8221;default&#8221; hide_controls=&#8221;yes&#8221; loop=&#8221;yes&#8221; autoplay=&#8221;yes&#8221; video_loading=&#8221;default&#8221; border_radius=&#8221;none&#8221; box_shadow=&#8221;none&#8221; advanced_gradient_angle=&#8221;0&#8243; advanced_gradient_display_type=&#8221;linear&#8221;][\/vc_column_inner][\/vc_row_inner][\/tab][tab icon_family=&#8221;none&#8221; title=&#8221;Oral care&#8221; id=&#8221;1657012386477-2&#8243; tab_id=&#8221;1657012386478-8&#8243;][vc_row_inner column_margin=&#8221;default&#8221; column_direction=&#8221;default&#8221; column_direction_tablet=&#8221;default&#8221; column_direction_phone=&#8221;default&#8221; text_align=&#8221;left&#8221; row_position=&#8221;default&#8221; row_position_tablet=&#8221;inherit&#8221; row_position_phone=&#8221;inherit&#8221; overflow=&#8221;visible&#8221; pointer_events=&#8221;all&#8221;][vc_column_inner column_padding=&#8221;no-extra-padding&#8221; column_padding_tablet=&#8221;inherit&#8221; column_padding_phone=&#8221;inherit&#8221; column_padding_position=&#8221;all&#8221; column_element_spacing=&#8221;default&#8221; background_color_opacity=&#8221;1&#8243; background_hover_color_opacity=&#8221;1&#8243; column_shadow=&#8221;none&#8221; column_border_radius=&#8221;none&#8221; column_link_target=&#8221;_self&#8221; el_class=&#8221;left-sec&#8221; advanced_gradient_angle=&#8221;0&#8243; gradient_direction=&#8221;left_to_right&#8221; overlay_strength=&#8221;0.3&#8243; width=&#8221;1\/2&#8243; tablet_width_inherit=&#8221;default&#8221; animation_type=&#8221;default&#8221; bg_image_animation=&#8221;none&#8221; border_type=&#8221;simple&#8221; column_border_width=&#8221;none&#8221; column_border_style=&#8221;solid&#8221; gradient_type=&#8221;default&#8221;][vc_column_text]\n<h2>Oral care<span class=\"dot\">\u2022<\/span><\/h2>\n<p>Opakowania dla bran\u017cy oral care powinny by\u0107 praktyczne, a jednocze\u015bnie przyci\u0105ga\u0107 uwag\u0119 niczym \u015bnie\u017cnobia\u0142y, doskona\u0142y u\u015bmiech. L\u015bni\u0105ce, z wysokiej jako\u015bci uszlachetnieniami i odpowiednimi kolorami przywodz\u0105 na my\u015bl dzia\u0142anie ukrytego w nich produktu.<\/p>\n<p>Od wielu lat wsp\u00f3\u0142pracujemy z wiod\u0105cymi producentami z bran\u017cy oral care. Wiemy, jak sprawi\u0107, by opakowanie opowiada\u0142o dok\u0142adnie oczekiwaniom klienta.<\/p>\n<p>Produkowane przez nas opakowania gwarantuj\u0105 jako\u015b\u0107 u\u017cytych materia\u0142\u00f3w, funkcjonalno\u015b\u0107 oraz bezpiecze\u0144stwo produktu w oparciu o wysokie standardy higienicznie, jednocze\u015bnie nie zapominaj\u0105c o aspekcie ekologicznym.<\/p>\n[\/vc_column_text][nectar_btn size=&#8221;large&#8221; button_style=&#8221;regular&#8221; button_color_2=&#8221;Extra-Color-1&#8243; icon_family=&#8221;default_arrow&#8221; text=&#8221;Wy\u015blij zapytanie&#8221; url=&#8221;#contact-form&#8221;][divider line_type=&#8221;No Line&#8221; custom_height=&#8221;20&#8243;][vc_column_text]\n<h3 class=\"before\">Co oferujemy?<\/h3>\n[\/vc_column_text][nectar_global_section id=&#8221;1877&#8243;][\/vc_column_inner][vc_column_inner column_padding=&#8221;no-extra-padding&#8221; column_padding_tablet=&#8221;inherit&#8221; column_padding_phone=&#8221;inherit&#8221; column_padding_position=&#8221;all&#8221; column_element_spacing=&#8221;default&#8221; background_color_opacity=&#8221;1&#8243; background_hover_color_opacity=&#8221;1&#8243; column_shadow=&#8221;none&#8221; column_border_radius=&#8221;none&#8221; column_link_target=&#8221;_self&#8221; gradient_direction=&#8221;left_to_right&#8221; overlay_strength=&#8221;0.3&#8243; width=&#8221;1\/2&#8243; tablet_width_inherit=&#8221;default&#8221; animation_type=&#8221;default&#8221; bg_image_animation=&#8221;none&#8221; border_type=&#8221;simple&#8221; column_border_width=&#8221;none&#8221; column_border_style=&#8221;solid&#8221;][vc_gallery type=&#8221;flickity_static_height_style&#8221; images=&#8221;1080,1365,1106&#8243; flickity_spacing=&#8221;default&#8221; flickity_controls=&#8221;next_prev_arrows_overlaid&#8221; flickity_overflow=&#8221;hidden&#8221; flickity_wrap_around=&#8221;wrap&#8221; flickity_image_parallax=&#8221;true&#8221; flickity_box_shadow=&#8221;none&#8221; image_loading=&#8221;default&#8221; onclick=&#8221;link_image&#8221; img_size=&#8221;full&#8221; flickity_img_height=&#8221;700&#8243;][nectar_video_player_self_hosted video_mp4=&#8221;\/wp-content\/uploads\/2022\/06\/3pasta.mp4&#8243; el_aspect=&#8221;11&#8243; align=&#8221;center&#8221; player_functionality=&#8221;default&#8221; hide_controls=&#8221;yes&#8221; loop=&#8221;yes&#8221; autoplay=&#8221;yes&#8221; video_loading=&#8221;default&#8221; border_radius=&#8221;none&#8221; box_shadow=&#8221;none&#8221; advanced_gradient_angle=&#8221;0&#8243; advanced_gradient_display_type=&#8221;linear&#8221;][\/vc_column_inner][\/vc_row_inner][\/tab][tab icon_family=&#8221;none&#8221; title=&#8221;Chusteczki i higiena osobista&#8221; id=&#8221;1657012386592-9&#8243; tab_id=&#8221;1657012386594-3&#8243;][vc_row_inner column_margin=&#8221;default&#8221; column_direction=&#8221;default&#8221; column_direction_tablet=&#8221;default&#8221; column_direction_phone=&#8221;default&#8221; text_align=&#8221;left&#8221; row_position=&#8221;default&#8221; row_position_tablet=&#8221;inherit&#8221; row_position_phone=&#8221;inherit&#8221; overflow=&#8221;visible&#8221; pointer_events=&#8221;all&#8221;][vc_column_inner column_padding=&#8221;no-extra-padding&#8221; column_padding_tablet=&#8221;inherit&#8221; column_padding_phone=&#8221;inherit&#8221; column_padding_position=&#8221;all&#8221; column_element_spacing=&#8221;default&#8221; background_color_opacity=&#8221;1&#8243; background_hover_color_opacity=&#8221;1&#8243; column_shadow=&#8221;none&#8221; column_border_radius=&#8221;none&#8221; column_link_target=&#8221;_self&#8221; el_class=&#8221;left-sec&#8221; advanced_gradient_angle=&#8221;0&#8243; gradient_direction=&#8221;left_to_right&#8221; overlay_strength=&#8221;0.3&#8243; width=&#8221;1\/2&#8243; tablet_width_inherit=&#8221;default&#8221; animation_type=&#8221;default&#8221; bg_image_animation=&#8221;none&#8221; border_type=&#8221;simple&#8221; column_border_width=&#8221;none&#8221; column_border_style=&#8221;solid&#8221; gradient_type=&#8221;default&#8221;][vc_column_text]\n<h2>Chusteczki i higiena osobista<span class=\"dot\">\u2022<\/span><\/h2>\n<p>R\u00f3\u017cnorodno\u015b\u0107 produkt\u00f3w higieny osobistej wymaga indywidualnego podej\u015bcia do projektowania opakowa\u0144.<\/p>\n<p>Zapewniamy pe\u0142en wachlarz rozwi\u0105za\u0144 opakowaniowych, poczynaj\u0105c od rozwoju produktu, projektowania, poprzez produkcj\u0119, a\u017c po logistyk\u0119. Dla naszych odbiorc\u00f3w opakowa\u0144 z bran\u017cy produkt\u00f3w higienicznych jeste\u015bmy godnym zaufania partnerem od lat. Na ka\u017cdym etapie procesu \u015bci\u015ble wsp\u00f3\u0142pracujemy z klientem, oferuj\u0105c niezb\u0119dn\u0105 pomoc w osi\u0105gni\u0119ciu funkcjonalno\u015bci i jako\u015bci produktu, przewy\u017cszaj\u0105cych wysokie oczekiwania naszych klient\u00f3w.<\/p>\n<h3>Estetyka i funkcjonalno\u015b\u0107<\/h3>\n<p>Zaufaj naszej innowacyjnej technologii stworzonej specjalnie do produkcji chusteczek higienicznych, dzi\u0119ki kt\u00f3rej u\u017cywanie produktu b\u0119dzie wyj\u0105tkowo \u0142atwe. Wysokiej jako\u015bci druk oraz uszlachetnienia pomog\u0105 wyr\u00f3\u017cni\u0107 produkt.<\/p>\n<p>Tworzymy opakowania na produkty higieniczne do u\u017cytku domowego i osobistego, mi\u0119dzy innymi dla produkt\u00f3w do higieny intymnej, a tak\u017ce chusteczek higienicznych czy \u015brodk\u00f3w czyszcz\u0105cych. Dost\u0119pne s\u0105 opakowania wielokrotnego u\u017cytku. Zapewniamy r\u00f3wnie\u017c du\u017c\u0105 r\u00f3\u017cnorodno\u015b\u0107 efekt\u00f3w specjalnych dla nadruk\u00f3w.[\/vc_column_text][nectar_btn size=&#8221;large&#8221; button_style=&#8221;regular&#8221; button_color_2=&#8221;Extra-Color-1&#8243; icon_family=&#8221;default_arrow&#8221; text=&#8221;Wy\u015blij zapytanie&#8221; url=&#8221;#contact-form&#8221;][divider line_type=&#8221;No Line&#8221; custom_height=&#8221;20&#8243;][vc_column_text]\n<h3 class=\"before\">Co oferujemy?<\/h3>\n[\/vc_column_text][nectar_global_section id=&#8221;1894&#8243;][\/vc_column_inner][vc_column_inner column_padding=&#8221;no-extra-padding&#8221; column_padding_tablet=&#8221;inherit&#8221; column_padding_phone=&#8221;inherit&#8221; column_padding_position=&#8221;all&#8221; column_element_spacing=&#8221;default&#8221; background_color_opacity=&#8221;1&#8243; background_hover_color_opacity=&#8221;1&#8243; column_shadow=&#8221;none&#8221; column_border_radius=&#8221;none&#8221; column_link_target=&#8221;_self&#8221; gradient_direction=&#8221;left_to_right&#8221; overlay_strength=&#8221;0.3&#8243; width=&#8221;1\/2&#8243; tablet_width_inherit=&#8221;default&#8221; animation_type=&#8221;default&#8221; bg_image_animation=&#8221;none&#8221; border_type=&#8221;simple&#8221; column_border_width=&#8221;none&#8221; column_border_style=&#8221;solid&#8221;][vc_gallery type=&#8221;flickity_static_height_style&#8221; images=&#8221;1109,1110,1111&#8243; flickity_spacing=&#8221;default&#8221; flickity_controls=&#8221;next_prev_arrows_overlaid&#8221; flickity_overflow=&#8221;hidden&#8221; flickity_wrap_around=&#8221;wrap&#8221; flickity_image_parallax=&#8221;true&#8221; flickity_box_shadow=&#8221;none&#8221; image_loading=&#8221;default&#8221; onclick=&#8221;link_image&#8221; img_size=&#8221;full&#8221; flickity_img_height=&#8221;700&#8243;][nectar_video_player_self_hosted video_mp4=&#8221;\/wp-content\/uploads\/2022\/06\/3tiss.mp4&#8243; el_aspect=&#8221;11&#8243; align=&#8221;center&#8221; player_functionality=&#8221;default&#8221; hide_controls=&#8221;yes&#8221; loop=&#8221;yes&#8221; autoplay=&#8221;yes&#8221; video_loading=&#8221;default&#8221; border_radius=&#8221;none&#8221; box_shadow=&#8221;none&#8221; advanced_gradient_angle=&#8221;0&#8243; advanced_gradient_display_type=&#8221;linear&#8221;][\/vc_column_inner][\/vc_row_inner][\/tab][\/tabbed_section][\/vc_column][\/vc_row][vc_row type=&#8221;in_container&#8221; full_screen_row_position=&#8221;middle&#8221; column_margin=&#8221;default&#8221; column_direction=&#8221;default&#8221; column_direction_tablet=&#8221;default&#8221; column_direction_phone=&#8221;default&#8221; scene_position=&#8221;center&#8221; text_color=&#8221;dark&#8221; text_align=&#8221;left&#8221; row_border_radius=&#8221;none&#8221; row_border_radius_applies=&#8221;bg&#8221; overflow=&#8221;visible&#8221; overlay_strength=&#8221;0.3&#8243; gradient_direction=&#8221;left_to_right&#8221; shape_divider_position=&#8221;bottom&#8221; bg_image_animation=&#8221;none&#8221;][vc_column column_padding=&#8221;no-extra-padding&#8221; column_padding_tablet=&#8221;inherit&#8221; column_padding_phone=&#8221;inherit&#8221; column_padding_position=&#8221;all&#8221; column_element_spacing=&#8221;default&#8221; background_color_opacity=&#8221;1&#8243; background_hover_color_opacity=&#8221;1&#8243; column_shadow=&#8221;none&#8221; column_border_radius=&#8221;none&#8221; column_link_target=&#8221;_self&#8221; column_position=&#8221;default&#8221; gradient_direction=&#8221;left_to_right&#8221; overlay_strength=&#8221;0.3&#8243; width=&#8221;1\/1&#8243; tablet_width_inherit=&#8221;default&#8221; tablet_text_alignment=&#8221;default&#8221; phone_text_alignment=&#8221;default&#8221; animation_type=&#8221;default&#8221; bg_image_animation=&#8221;none&#8221; border_type=&#8221;simple&#8221; column_border_width=&#8221;none&#8221; column_border_style=&#8221;solid&#8221;][nectar_global_section id=&#8221;1879&#8243;][\/vc_column][\/vc_row]\n","protected":false},"excerpt":{"rendered":"<p>[vc_row type=&#8221;full_width_background&#8221; full_screen_row_position=&#8221;middle&#8221; column_margin=&#8221;default&#8221; column_direction=&#8221;default&#8221; column_direction_tablet=&#8221;default&#8221; column_direction_phone=&#8221;default&#8221; bg_image=&#8221;510&#8243; bg_position=&#8221;center top&#8221; background_image_loading=&#8221;default&#8221; bg_repeat=&#8221;no-repeat&#8221; scene_position=&#8221;center&#8221; text_color=&#8221;dark&#8221; text_align=&#8221;left&#8221; row_border_radius=&#8221;none&#8221; row_border_radius_applies=&#8221;bg&#8221;&#8230;<\/p>\n","protected":false},"author":10,"featured_media":0,"parent":0,"menu_order":0,"comment_status":"closed","ping_status":"closed","template":"","meta":{"inline_featured_image":false,"footnotes":""},"class_list":["post-1800","page","type-page","status-publish"],"_links":{"self":[{"href":"https:\/\/dot2dot.pl\/pl\/wp-json\/wp\/v2\/pages\/1800","targetHints":{"allow":["GET"]}}],"collection":[{"href":"https:\/\/dot2dot.pl\/pl\/wp-json\/wp\/v2\/pages"}],"about":[{"href":"https:\/\/dot2dot.pl\/pl\/wp-json\/wp\/v2\/types\/page"}],"author":[{"embeddable":true,"href":"https:\/\/dot2dot.pl\/pl\/wp-json\/wp\/v2\/users\/10"}],"replies":[{"embeddable":true,"href":"https:\/\/dot2dot.pl\/pl\/wp-json\/wp\/v2\/comments?post=1800"}],"version-history":[{"count":7,"href":"https:\/\/dot2dot.pl\/pl\/wp-json\/wp\/v2\/pages\/1800\/revisions"}],"predecessor-version":[{"id":2168,"href":"https:\/\/dot2dot.pl\/pl\/wp-json\/wp\/v2\/pages\/1800\/revisions\/2168"}],"wp:attachment":[{"href":"https:\/\/dot2dot.pl\/pl\/wp-json\/wp\/v2\/media?parent=1800"}],"curies":[{"name":"wp","href":"https:\/\/api.w.org\/{rel}","templated":true}]}}